{"id":2926,"date":"2024-09-27T13:39:56","date_gmt":"2024-09-27T13:39:56","guid":{"rendered":"https:\/\/travelonline.cl\/?post_type=product&#038;p=2926"},"modified":"2026-01-15T15:04:35","modified_gmt":"2026-01-15T15:04:35","slug":"varadero-todo-incluido","status":"publish","type":"product","link":"https:\/\/travelonline.cl\/?product=varadero-todo-incluido","title":{"rendered":"Varadero &#8211; Todo incluido"},"content":{"rendered":"<h5 class=\"et_pb_module_heading\"><strong><em>Caracter\u00edsticas:<\/em><\/strong><\/h5>\n<h5 class=\"et_pb_module_heading\"><em>A\u00f1o: 2026<\/em><\/h5>\n<h5 class=\"et_pb_module_heading\"><em>Cupo m\u00ednimo: 2 pasajeros<\/em><\/h5>\n<h5><em>Informaci\u00f3n adicional: Recorrido en Varadero por cuenta propia del<\/em><br \/>\n<em>pasajero.<\/em><\/h5>\n","protected":false},"excerpt":{"rendered":"<p><strong>11 d\u00edas\/ 10 noches<\/strong><\/p>\n<p>Descubre Varadero, un para\u00edso caribe\u00f1o con playas de arena blanca y aguas turquesas, ideal para relajarte y disfrutar de actividades acu\u00e1ticas.<br \/>\n\u00a1Tu escapada so\u00f1ada te espera en este destino de ensue\u00f1o!<\/p>\n<p><strong><em>Incluye<\/em><\/strong>:<\/p>\n<ul>\n<li><strong>Tickets a\u00e9reos Santiago \/ La Habana \/ Santiago v\u00eda Copa Airlines bolso de mano + equipaje de cabina.<\/strong><\/li>\n<li><strong>Traslados de entrada y salida del hotel.<\/strong><\/li>\n<li><strong>Visa de ingreso a Cuba \u2013 requisito obligatorio para su ingreso.<\/strong><\/li>\n<li><strong>Seguro de viaje \u2013 requisito obligatorio para su ingreso.<\/strong><\/li>\n<li><strong>10 noches de alojamiento en r\u00e9gimen todo incluido en hotel a elecci\u00f3n.<\/strong><\/li>\n<\/ul>\n<a href='https:\/\/travelonline.cl\/?page_id=343' class='small-button smallblue' target=\"_blank\">COTIZAR<\/a>\n<p><img loading=\"lazy\" decoding=\"async\" class=\"alignnone size-full wp-image-2247\" src=\"https:\/\/travelonline.cl\/wp-content\/uploads\/2024\/08\/Captura-de-pantalla-2024-08-09-124821-Photoroom.png\" alt=\"\" width=\"152\" height=\"32\" srcset=\"https:\/\/travelonline.cl\/wp-content\/uploads\/2024\/08\/Captura-de-pantalla-2024-08-09-124821-Photoroom.png 152w, https:\/\/travelonline.cl\/wp-content\/uploads\/2024\/08\/Captura-de-pantalla-2024-08-09-124821-Photoroom-150x32.png 150w\" sizes=\"auto, (max-width: 152px) 100vw, 152px\" \/><\/p>\n","protected":false},"featured_media":2933,"comment_status":"open","ping_status":"closed","template":"","meta":{"_et_pb_use_builder":"","_et_pb_old_content":"","_et_gb_content_width":""},"product_brand":[],"product_cat":[24],"product_tag":[],"class_list":{"0":"post-2926","1":"product","2":"type-product","3":"status-publish","4":"has-post-thumbnail","6":"product_cat-sin-categorizar","8":"first","9":"instock","10":"product-type-simple"},"jetpack_sharing_enabled":true,"_links":{"self":[{"href":"https:\/\/travelonline.cl\/index.php?rest_route=\/wp\/v2\/product\/2926","targetHints":{"allow":["GET"]}}],"collection":[{"href":"https:\/\/travelonline.cl\/index.php?rest_route=\/wp\/v2\/product"}],"about":[{"href":"https:\/\/travelonline.cl\/index.php?rest_route=\/wp\/v2\/types\/product"}],"replies":[{"embeddable":true,"href":"https:\/\/travelonline.cl\/index.php?rest_route=%2Fwp%2Fv2%2Fcomments&post=2926"}],"wp:featuredmedia":[{"embeddable":true,"href":"https:\/\/travelonline.cl\/index.php?rest_route=\/wp\/v2\/media\/2933"}],"wp:attachment":[{"href":"https:\/\/travelonline.cl\/index.php?rest_route=%2Fwp%2Fv2%2Fmedia&parent=2926"}],"wp:term":[{"taxonomy":"product_brand","embeddable":true,"href":"https:\/\/travelonline.cl\/index.php?rest_route=%2Fwp%2Fv2%2Fproduct_brand&post=2926"},{"taxonomy":"product_cat","embeddable":true,"href":"https:\/\/travelonline.cl\/index.php?rest_route=%2Fwp%2Fv2%2Fproduct_cat&post=2926"},{"taxonomy":"product_tag","embeddable":true,"href":"https:\/\/travelonline.cl\/index.php?rest_route=%2Fwp%2Fv2%2Fproduct_tag&post=2926"}],"curies":[{"name":"wp","href":"https:\/\/api.w.org\/{rel}","templated":true}]}}