{"id":4168,"date":"2025-01-21T14:00:51","date_gmt":"2025-01-21T14:00:51","guid":{"rendered":"https:\/\/travelonline.cl\/?post_type=product&#038;p=4168"},"modified":"2026-01-15T14:18:50","modified_gmt":"2026-01-15T14:18:50","slug":"caribe-romantico-punta-cana-todo-incluido","status":"publish","type":"product","link":"https:\/\/travelonline.cl\/?product=caribe-romantico-punta-cana-todo-incluido","title":{"rendered":"Caribe Rom\u00e1ntico: Punta Cana- Todo Incluido"},"content":{"rendered":"<h5 class=\"et_pb_module_heading\"><strong><em>Caracter\u00edsticas:<\/em><\/strong><\/h5>\n<h5 class=\"et_pb_module_heading\"><em>A\u00f1o: 2026<\/em><\/h5>\n<h5 class=\"et_pb_module_heading\"><em>Cupo m\u00ednimo: 2 pasajeros<\/em><\/h5>\n","protected":false},"excerpt":{"rendered":"<p><strong>8 d\u00edas\/ 7 noches<\/strong><\/p>\n<p>Vive el Caribe Rom\u00e1ntico en Punta Cana con este programa todo incluido para 2 pasajeros. Disfruta de playas de ensue\u00f1o, d\u00edas de relax y<br \/>\nnoches m\u00e1gicas en un entorno paradis\u00edaco. Perfecto para parejas que buscan desconectar y vivir momentos inolvidables en el coraz\u00f3n del Caribe.<\/p>\n<p><strong><em>Incluye<\/em><\/strong>:<\/p>\n<ul>\n<li><strong>Tickets a\u00e9reos Santiago \/Punta Cana \/ Santiago v\u00eda Sky Airlines bolso de mano.<\/strong><\/li>\n<li><strong>Traslados de entrada y salida del hotel (Bah\u00eda Pr\u00edncipe Grand Turquesa).<\/strong><\/li>\n<li><strong>7 noches de alojamiento en r\u00e9gimen todo incluido en hotel a elecci\u00f3n.<\/strong><\/li>\n<\/ul>\n<p><strong><em>NO Incluye<\/em><\/strong>:<\/p>\n<ul>\n<li><strong>Visado NO incluido.<\/strong><\/li>\n<li><strong>Propinas para gu\u00eda, conductor, etc. no incluidas..<\/strong><\/li>\n<li><strong>No incluido ning\u00fan otro servicio no especificado en el apartado de Incluye o Valores<br \/>\nA\u00f1adidos.<\/strong><\/li>\n<\/ul>\n<a href='https:\/\/travelonline.cl\/?page_id=343' class='small-button smallblue' target=\"_blank\">COTIZAR<\/a>\n<p><img loading=\"lazy\" decoding=\"async\" class=\"alignnone size-full wp-image-2247\" src=\"https:\/\/travelonline.cl\/wp-content\/uploads\/2024\/08\/Captura-de-pantalla-2024-08-09-124821-Photoroom.png\" alt=\"\" width=\"152\" height=\"32\" srcset=\"https:\/\/travelonline.cl\/wp-content\/uploads\/2024\/08\/Captura-de-pantalla-2024-08-09-124821-Photoroom.png 152w, https:\/\/travelonline.cl\/wp-content\/uploads\/2024\/08\/Captura-de-pantalla-2024-08-09-124821-Photoroom-150x32.png 150w\" sizes=\"auto, (max-width: 152px) 100vw, 152px\" \/><\/p>\n","protected":false},"featured_media":4169,"comment_status":"open","ping_status":"closed","template":"","meta":{"_et_pb_use_builder":"","_et_pb_old_content":"","_et_gb_content_width":""},"product_brand":[],"product_cat":[24],"product_tag":[],"class_list":{"0":"post-4168","1":"product","2":"type-product","3":"status-publish","4":"has-post-thumbnail","6":"product_cat-sin-categorizar","8":"first","9":"instock","10":"product-type-simple"},"jetpack_sharing_enabled":true,"_links":{"self":[{"href":"https:\/\/travelonline.cl\/index.php?rest_route=\/wp\/v2\/product\/4168","targetHints":{"allow":["GET"]}}],"collection":[{"href":"https:\/\/travelonline.cl\/index.php?rest_route=\/wp\/v2\/product"}],"about":[{"href":"https:\/\/travelonline.cl\/index.php?rest_route=\/wp\/v2\/types\/product"}],"replies":[{"embeddable":true,"href":"https:\/\/travelonline.cl\/index.php?rest_route=%2Fwp%2Fv2%2Fcomments&post=4168"}],"wp:featuredmedia":[{"embeddable":true,"href":"https:\/\/travelonline.cl\/index.php?rest_route=\/wp\/v2\/media\/4169"}],"wp:attachment":[{"href":"https:\/\/travelonline.cl\/index.php?rest_route=%2Fwp%2Fv2%2Fmedia&parent=4168"}],"wp:term":[{"taxonomy":"product_brand","embeddable":true,"href":"https:\/\/travelonline.cl\/index.php?rest_route=%2Fwp%2Fv2%2Fproduct_brand&post=4168"},{"taxonomy":"product_cat","embeddable":true,"href":"https:\/\/travelonline.cl\/index.php?rest_route=%2Fwp%2Fv2%2Fproduct_cat&post=4168"},{"taxonomy":"product_tag","embeddable":true,"href":"https:\/\/travelonline.cl\/index.php?rest_route=%2Fwp%2Fv2%2Fproduct_tag&post=4168"}],"curies":[{"name":"wp","href":"https:\/\/api.w.org\/{rel}","templated":true}]}}