{"id":4522,"date":"2026-01-13T21:57:49","date_gmt":"2026-01-13T21:57:49","guid":{"rendered":"https:\/\/travelonline.cl\/?post_type=product&#038;p=4522"},"modified":"2026-01-14T18:58:24","modified_gmt":"2026-01-14T18:58:24","slug":"dubai-maravilloso-2x1","status":"publish","type":"product","link":"https:\/\/travelonline.cl\/?product=dubai-maravilloso-2x1","title":{"rendered":"Dubai Maravilloso 2&#215;1"},"content":{"rendered":"<h5 class=\"et_pb_module_heading\"><strong><em>Caracter\u00edsticas:<\/em><\/strong><\/h5>\n<h5><em>Precio desde: $715 USD<\/em><\/h5>\n<h5 class=\"et_pb_module_heading\"><em>A\u00f1o: 2026<\/em><\/h5>\n<h5 class=\"et_pb_module_heading\"><em>Cupo m\u00ednimo: 2 pasajeros<\/em><\/h5>\n<p>&nbsp;<\/p>\n","protected":false},"excerpt":{"rendered":"<p><strong>5 d\u00edas\/ 4 noches<\/strong><\/p>\n<p>Un destino vibrante que sorprende con arquitectura ic\u00f3nica, experiencias de lujo, cultura \u00e1rabe, desierto infinito y playas espectaculares. Dub\u00e1i es sin\u00f3nimo de innovaci\u00f3n, exclusividad y viajes inolvidables.<\/p>\n<p><strong><em>Incluye<\/em><\/strong>:<\/p>\n<p><b>El precio incluye:- VALOR POR 2 PERSONAS DESDE $715 USD<\/b><\/p>\n<ul style=\"font-weight: 400;\">\n<li>\u00a0\u00a001 Noche de hotel en Dub\u00e1i en r\u00e9gimen de media pensi\u00f3n.<\/li>\n<li>\u00a0\u00a003 Noches de hotel en Dub\u00e1i en r\u00e9gimen de alojamiento y desayuno.<\/li>\n<li>\u00a0\u00a0Visita de Dub\u00e1i.<\/li>\n<li>\u00a0\u00a0Todos los traslados se realizan en veh\u00edculos A\/C.<\/li>\n<li>\u00a0\u00a0Traslados aeropuerto &#8211; hotel &#8211; aeropuerto con asistencia de habla Espa\u00f1ol.<\/li>\n<li>\u00a0\u00a0Los impuestos del hotel (VAT).<\/li>\n<\/ul>\n<a href='https:\/\/travelonline.cl\/?page_id=343' class='small-button smallblue' target=\"_blank\">COTIZAR<\/a>\n<p><img loading=\"lazy\" decoding=\"async\" class=\"alignnone size-full wp-image-2247\" src=\"https:\/\/travelonline.cl\/wp-content\/uploads\/2024\/08\/Captura-de-pantalla-2024-08-09-124821-Photoroom.png\" alt=\"\" width=\"152\" height=\"32\" srcset=\"https:\/\/travelonline.cl\/wp-content\/uploads\/2024\/08\/Captura-de-pantalla-2024-08-09-124821-Photoroom.png 152w, https:\/\/travelonline.cl\/wp-content\/uploads\/2024\/08\/Captura-de-pantalla-2024-08-09-124821-Photoroom-150x32.png 150w\" sizes=\"auto, (max-width: 152px) 100vw, 152px\" \/><\/p>\n","protected":false},"featured_media":4526,"comment_status":"open","ping_status":"closed","template":"","meta":{"_et_pb_use_builder":"","_et_pb_old_content":"","_et_gb_content_width":""},"product_brand":[],"product_cat":[27],"product_tag":[],"class_list":{"0":"post-4522","1":"product","2":"type-product","3":"status-publish","4":"has-post-thumbnail","6":"product_cat-medio-oriente","8":"first","9":"instock","10":"product-type-simple"},"jetpack_sharing_enabled":true,"_links":{"self":[{"href":"https:\/\/travelonline.cl\/index.php?rest_route=\/wp\/v2\/product\/4522","targetHints":{"allow":["GET"]}}],"collection":[{"href":"https:\/\/travelonline.cl\/index.php?rest_route=\/wp\/v2\/product"}],"about":[{"href":"https:\/\/travelonline.cl\/index.php?rest_route=\/wp\/v2\/types\/product"}],"replies":[{"embeddable":true,"href":"https:\/\/travelonline.cl\/index.php?rest_route=%2Fwp%2Fv2%2Fcomments&post=4522"}],"wp:featuredmedia":[{"embeddable":true,"href":"https:\/\/travelonline.cl\/index.php?rest_route=\/wp\/v2\/media\/4526"}],"wp:attachment":[{"href":"https:\/\/travelonline.cl\/index.php?rest_route=%2Fwp%2Fv2%2Fmedia&parent=4522"}],"wp:term":[{"taxonomy":"product_brand","embeddable":true,"href":"https:\/\/travelonline.cl\/index.php?rest_route=%2Fwp%2Fv2%2Fproduct_brand&post=4522"},{"taxonomy":"product_cat","embeddable":true,"href":"https:\/\/travelonline.cl\/index.php?rest_route=%2Fwp%2Fv2%2Fproduct_cat&post=4522"},{"taxonomy":"product_tag","embeddable":true,"href":"https:\/\/travelonline.cl\/index.php?rest_route=%2Fwp%2Fv2%2Fproduct_tag&post=4522"}],"curies":[{"name":"wp","href":"https:\/\/api.w.org\/{rel}","templated":true}]}}