{"id":4535,"date":"2026-01-14T19:06:14","date_gmt":"2026-01-14T19:06:14","guid":{"rendered":"https:\/\/travelonline.cl\/?post_type=product&#038;p=4535"},"modified":"2026-01-14T21:24:32","modified_gmt":"2026-01-14T21:24:32","slug":"europa-en-17-dias","status":"publish","type":"product","link":"https:\/\/travelonline.cl\/?product=europa-en-17-dias","title":{"rendered":"Europa en 17 D\u00edas"},"content":{"rendered":"<h5 class=\"et_pb_module_heading\"><strong><em>Caracter\u00edsticas:<\/em><\/strong><\/h5>\n<h5><em>Precio desde: $1.199 USD<\/em><\/h5>\n<h5>El 30% de descuento aplica exclusivamente al segundo pasajero, con una tarifa aproximada de USD 840.<\/h5>\n<h5 class=\"et_pb_module_heading\"><em>A\u00f1o: 2026<\/em><\/h5>\n<h5 class=\"et_pb_module_heading\"><em>Cupo m\u00ednimo: 2 pasajeros<\/em><\/h5>\n<p>&nbsp;<\/p>\n","protected":false},"excerpt":{"rendered":"<p><strong>17 d\u00edas\/ 16 noches<\/strong><\/p>\n<p>Europa cautiva con su diversidad de pa\u00edses, ciudades ic\u00f3nicas y siglos de historia. Arte, gastronom\u00eda, paisajes y tradiciones se combinan para crear viajes \u00fanicos en cada destino.<\/p>\n<p><strong><em>Incluye<\/em><\/strong>:<\/p>\n<p><b>El precio incluye: VALOR POR PERSONA DESDE $1.199 USD<\/b><\/p>\n<p><strong>El 30% de descuento aplica exclusivamente al segundo pasajero, con una tarifa aproximada de $840 USD<\/strong><\/p>\n<ul>\n<li>Traslado de llegada.<\/li>\n<li>Gu\u00eda acompa\u00f1ante durante todo el recorrido. (Madrid &#8211; Paris &#8211; Roma &#8211; Florencia)<\/li>\n<li>Desayuno diario.<\/li>\n<li>Autocar de lujo.<\/li>\n<li>Visitas en Madrid, Par\u00eds, Roma y Florencia con gu\u00edas locales.<\/li>\n<li>Audiogu\u00eda. Seguro tur\u00edstico.<\/li>\n<\/ul>\n<a href='https:\/\/travelonline.cl\/?page_id=343' class='small-button smallblue' target=\"_blank\">COTIZAR<\/a>\n<p><img loading=\"lazy\" decoding=\"async\" class=\"alignnone size-full wp-image-2247\" src=\"https:\/\/travelonline.cl\/wp-content\/uploads\/2024\/08\/Captura-de-pantalla-2024-08-09-124821-Photoroom.png\" alt=\"\" width=\"152\" height=\"32\" srcset=\"https:\/\/travelonline.cl\/wp-content\/uploads\/2024\/08\/Captura-de-pantalla-2024-08-09-124821-Photoroom.png 152w, https:\/\/travelonline.cl\/wp-content\/uploads\/2024\/08\/Captura-de-pantalla-2024-08-09-124821-Photoroom-150x32.png 150w\" sizes=\"auto, (max-width: 152px) 100vw, 152px\" \/><\/p>\n","protected":false},"featured_media":4536,"comment_status":"open","ping_status":"closed","template":"","meta":{"_et_pb_use_builder":"","_et_pb_old_content":"","_et_gb_content_width":""},"product_brand":[],"product_cat":[31],"product_tag":[],"class_list":{"0":"post-4535","1":"product","2":"type-product","3":"status-publish","4":"has-post-thumbnail","6":"product_cat-europa","8":"first","9":"instock","10":"product-type-simple"},"jetpack_sharing_enabled":true,"_links":{"self":[{"href":"https:\/\/travelonline.cl\/index.php?rest_route=\/wp\/v2\/product\/4535","targetHints":{"allow":["GET"]}}],"collection":[{"href":"https:\/\/travelonline.cl\/index.php?rest_route=\/wp\/v2\/product"}],"about":[{"href":"https:\/\/travelonline.cl\/index.php?rest_route=\/wp\/v2\/types\/product"}],"replies":[{"embeddable":true,"href":"https:\/\/travelonline.cl\/index.php?rest_route=%2Fwp%2Fv2%2Fcomments&post=4535"}],"wp:featuredmedia":[{"embeddable":true,"href":"https:\/\/travelonline.cl\/index.php?rest_route=\/wp\/v2\/media\/4536"}],"wp:attachment":[{"href":"https:\/\/travelonline.cl\/index.php?rest_route=%2Fwp%2Fv2%2Fmedia&parent=4535"}],"wp:term":[{"taxonomy":"product_brand","embeddable":true,"href":"https:\/\/travelonline.cl\/index.php?rest_route=%2Fwp%2Fv2%2Fproduct_brand&post=4535"},{"taxonomy":"product_cat","embeddable":true,"href":"https:\/\/travelonline.cl\/index.php?rest_route=%2Fwp%2Fv2%2Fproduct_cat&post=4535"},{"taxonomy":"product_tag","embeddable":true,"href":"https:\/\/travelonline.cl\/index.php?rest_route=%2Fwp%2Fv2%2Fproduct_tag&post=4535"}],"curies":[{"name":"wp","href":"https:\/\/api.w.org\/{rel}","templated":true}]}}